{"id":9445,"date":"2021-10-29T17:37:42","date_gmt":"2021-10-29T15:37:42","guid":{"rendered":"https:\/\/www.gaeldupret.com\/?post_type=product&#038;p=9445"},"modified":"2025-08-11T14:54:13","modified_gmt":"2025-08-11T12:54:13","slug":"tri-yann-e-kenavo","status":"publish","type":"product","link":"https:\/\/www.gaeldupret.com\/en\/produit\/tri-yann-e-kenavo\/","title":{"rendered":"Tri Yann e &#8220;Kenavo&#8221;"},"content":{"rendered":"<p>\u00abTri Yann est un groupe embl\u00e9matique dans le monde de la musique celtique. Ce livre a pour vocation de leur rendre hommage et permettre de [re]d\u00e9couvrir la Face A de ce groupe en version Noir &amp; Blanc.<\/p>\n<p>Quand Jean Chocun a pr\u00e9fac\u00e9 mon livre <em>La D\u00e9couverte ou l\u2019Ignorance<\/em> (publi\u00e9 en mai 2021 aux \u00e9ditions Le Temps \u00c9diteur), j\u2019ai d\u00e9couvert l\u2019Homme ainsi que les coulisses du groupe qui m\u2019ont touch\u00e9s, impressionn\u00e9s.<\/p>\n<p>L\u2019envie de ce livre est n\u00e9 quand j\u2019ai vu le vide que Tri Yann laisse aupr\u00e8s de ses fans, \u00abLes Triyannautes\u00bb, qui t\u00e9moignent sur le groupe Facebook. Un livre \u00e0 l\u2019image des rappels lors des concerts, une derni\u00e8re chanson, une derni\u00e8re fois, pour le plaisir, pour l\u2019\u00e9ternit\u00e9&#8230;<\/p>\n<p>C\u2019est aussi une tentative de r\u00e9ponse \u00e0 la question que Jean se pose sur la continuit\u00e9 de la transmission de la culture et de la langue Bretonne par les nouvelles g\u00e9n\u00e9rations d\u2019artistes.<\/p>\n<p>Ce livre a \u00e9t\u00e9 r\u00e9alis\u00e9 en quelques heures, comme une \u00e9vidence, un ultime souffle, une ultime note&#8230; R\u00e9alis\u00e9 pour Tri Yann, pour les Triyannautes mais aussi pour la jeune g\u00e9n\u00e9ration, qu\u2019elle puisse \u00e0 son tour les d\u00e9couvrir.<\/p>\n<p>C\u2019est aussi pour moi, artiste, l\u2019occasion de leur dire Merci [Trugarez vras] de ce que leur musique m\u2019a donn\u00e9 et remercier Jean Chocun de sa confiance.\u00bb<\/p>\n","protected":false},"excerpt":{"rendered":"<p>Sortie officielle le 1er d\u00e9cembre 2021. D\u00e9p\u00eachez pour \u00eatre sur de recevoir votre\/vos livres pour No\u00ebl 21. THE id\u00e9e cadeau pour soi et\/ou pour offrir.<\/p>\n<p><strong>5% des ventes sont faites au profit des \u00c9coles Diwan<br \/>\n<\/strong><\/p>\n<p><em><strong>Premi\u00e8re Mondiale : Tri Yann e Kenavo, 1er livre d&#8217;artiste 100% blockchain : Les tirages de t\u00eate sont livr\u00e9s avec un certificat d&#8217;authentification blockchain r\u00e9alis\u00e9 par Azteq la blockchain de l&#8217;art.<br \/>\n<\/strong><\/em><\/p>\n<p><em>Le certificat blockchain est un document l\u00e9gal reconnu par le march\u00e9 de l&#8217;art, les commissaires priseurs et les assureurs. Normalement ils sont utilis\u00e9s pour les \u0153uvres d&#8217;art (comme mes tirage d&#8217;art). Dans le cas de Tri Yann e &#8220;Kenavo&#8221; c&#8217;est l&#8217;int\u00e9gralit\u00e9 du livre qui sera certifi\u00e9 blockchain.<\/em><\/p>\n<p>Les pr\u00e9-commandes commencent le 1er novembre. Les livres seront envoy\u00e9s par la poste \u00e0 partir du 2 d\u00e9cembre 21.<\/p>\n<p>Livre d&#8217;artiste \u00e9dit\u00e9 \u00e0 1830 exemplaires, compos\u00e9 de 33 photos, des textes in\u00e9dits, des hommages au groupe et un clin d\u2019\u0153il aux Beatles\u2026<\/p>\n<p>3 versions du livre :<\/p>\n<ul>\n<li>Tirage de t\u00eate de <strong>330 exemplaires<\/strong> num\u00e9rot\u00e9s avec un goodies offert,<\/li>\n<li>Tirage &#8211; premi\u00e8re \u00e9dition &#8211; de <strong>1500 exemplaires<\/strong> chacun livr\u00e9 avec un marque page collector.<\/li>\n<\/ul>\n<p>Tous les livres sont livr\u00e9s d\u00e9dicac\u00e9s.<\/p>\n<p>&nbsp;<\/p>\n<p>&nbsp;<\/p>\n","protected":false},"featured_media":9446,"template":"","meta":{"_acf_changed":false,"_seopress_robots_primary_cat":"","_seopress_titles_title":"","_seopress_titles_desc":"","_seopress_robots_index":"","site-sidebar-layout":"default","site-content-layout":"","ast-site-content-layout":"default","site-content-style":"default","site-sidebar-style":"default","ast-global-header-display":"","ast-banner-title-visibility":"","ast-main-header-display":"","ast-hfb-above-header-display":"","ast-hfb-below-header-display":"","ast-hfb-mobile-header-display":"","site-post-title":"","ast-breadcrumbs-content":"","ast-featured-img":"","footer-sml-layout":"","ast-disable-related-posts":"","theme-transparent-header-meta":"","adv-header-id-meta":"","stick-header-meta":"","header-above-stick-meta":"","header-main-stick-meta":"","header-below-stick-meta":"","astra-migrate-meta-layouts":"default","ast-page-background-enabled":"default","ast-page-background-meta":{"desktop":{"background-color":"var(--ast-global-color-4)","background-image":"","background-repeat":"repeat","background-position":"center center","background-size":"auto","background-attachment":"scroll","background-type":"","background-media":"","overlay-type":"","overlay-color":"","overlay-opacity":"","overlay-gradient":""},"tablet":{"background-color":"","background-image":"","background-repeat":"repeat","background-position":"center center","background-size":"auto","background-attachment":"scroll","background-type":"","background-media":"","overlay-type":"","overlay-color":"","overlay-opacity":"","overlay-gradient":""},"mobile":{"background-color":"","background-image":"","background-repeat":"repeat","background-position":"center center","background-size":"auto","background-attachment":"scroll","background-type":"","background-media":"","overlay-type":"","overlay-color":"","overlay-opacity":"","overlay-gradient":""}},"ast-content-background-meta":{"desktop":{"background-color":"var(--ast-global-color-5)","background-image":"","background-repeat":"repeat","background-position":"center center","background-size":"auto","background-attachment":"scroll","background-type":"","background-media":"","overlay-type":"","overlay-color":"","overlay-opacity":"","overlay-gradient":""},"tablet":{"background-color":"var(--ast-global-color-5)","background-image":"","background-repeat":"repeat","background-position":"center center","background-size":"auto","background-attachment":"scroll","background-type":"","background-media":"","overlay-type":"","overlay-color":"","overlay-opacity":"","overlay-gradient":""},"mobile":{"background-color":"var(--ast-global-color-5)","background-image":"","background-repeat":"repeat","background-position":"center center","background-size":"auto","background-attachment":"scroll","background-type":"","background-media":"","overlay-type":"","overlay-color":"","overlay-opacity":"","overlay-gradient":""}}},"product_brand":[],"product_cat":[143],"product_tag":[],"class_list":{"0":"post-9445","1":"product","2":"type-product","3":"status-publish","4":"has-post-thumbnail","6":"product_cat-art-book-livres-artiste-livres","7":"desktop-align-left","8":"tablet-align-left","9":"mobile-align-left","11":"first","12":"instock","13":"purchasable","14":"product-type-variable"},"acf":[],"_links":{"self":[{"href":"https:\/\/www.gaeldupret.com\/en\/wp-json\/wp\/v2\/product\/9445","targetHints":{"allow":["GET"]}}],"collection":[{"href":"https:\/\/www.gaeldupret.com\/en\/wp-json\/wp\/v2\/product"}],"about":[{"href":"https:\/\/www.gaeldupret.com\/en\/wp-json\/wp\/v2\/types\/product"}],"version-history":[{"count":1,"href":"https:\/\/www.gaeldupret.com\/en\/wp-json\/wp\/v2\/product\/9445\/revisions"}],"predecessor-version":[{"id":9449,"href":"https:\/\/www.gaeldupret.com\/en\/wp-json\/wp\/v2\/product\/9445\/revisions\/9449"}],"wp:featuredmedia":[{"embeddable":true,"href":"https:\/\/www.gaeldupret.com\/en\/wp-json\/wp\/v2\/media\/9446"}],"wp:attachment":[{"href":"https:\/\/www.gaeldupret.com\/en\/wp-json\/wp\/v2\/media?parent=9445"}],"wp:term":[{"taxonomy":"product_brand","embeddable":true,"href":"https:\/\/www.gaeldupret.com\/en\/wp-json\/wp\/v2\/product_brand?post=9445"},{"taxonomy":"product_cat","embeddable":true,"href":"https:\/\/www.gaeldupret.com\/en\/wp-json\/wp\/v2\/product_cat?post=9445"},{"taxonomy":"product_tag","embeddable":true,"href":"https:\/\/www.gaeldupret.com\/en\/wp-json\/wp\/v2\/product_tag?post=9445"}],"curies":[{"name":"wp","href":"https:\/\/api.w.org\/{rel}","templated":true}]}}