{"id":7635,"date":"2020-11-08T21:46:14","date_gmt":"2020-11-08T20:46:14","guid":{"rendered":"https:\/\/www.gaeldupret.com\/?post_type=product&#038;p=7635"},"modified":"2020-11-08T21:47:49","modified_gmt":"2020-11-08T20:47:49","slug":"20-attention-eleves-numero-1-6","status":"publish","type":"product","link":"https:\/\/www.gaeldupret.com\/en\/produit\/20-attention-eleves-numero-1-6\/","title":{"rendered":"20 &#8211; Attention \u00e9l\u00e8ves n\u00b01\/6"},"content":{"rendered":"<h2><strong>\u00c9dition limit\u00e9e, num\u00e9rot\u00e9e et sign\u00e9e, elle est livr\u00e9e avec :<\/strong><\/h2>\n<p style=\"padding-left: 40px;\"><strong>&#8211; Le certificat authenticit\u00e9 par MONUMA la blockchain de l&#8217;art<\/strong><br \/>\n<em>Il authentifie l\u2019\u0153uvre et certifie sa valeur. Document officiel et l\u00e9gal reconnu par le march\u00e9 de l&#8217;art et ses acteurs ainsi que les assurances. En 2018 je suis le premier photographe international \u00e0 avoir mes \u0153uvres certifi\u00e9es blockchain.<\/em><\/p>\n<p style=\"padding-left: 40px;\"><strong>&#8211; L&#8217;histoire de la photographie<\/strong><br \/>\n<em>Chaque photographie \u00e0 son histoire. Je vous raconte l&#8217;histoire de la photographie que vous avez choisi dans un document certifi\u00e9 avec votre tirage d&#8217;art.<\/em><\/p>\n<p>&nbsp;<\/p>\n<h2>Le tirage<\/h2>\n<p><strong>Papier :<\/strong> L\u2019\u0153uvre est tir\u00e9e sur le papier FineArt Baryta 325g\/m\u00b2 cr\u00e9\u00e9 par Hahnem\u00fchle.<br \/>\n<em>C&#8217;est LA R\u00e9f\u00e9rence des collectionneurs et c&#8217;est l&#8217;un des papiers le plus pl\u00e9biscit\u00e9 par le march\u00e9 de l&#8217;art. Sur son site internet Hahnem\u00fchle annonce qu&#8217;il a une dur\u00e9e de vie de 100 ans.<\/em><\/p>\n<p><strong>Tireuse<\/strong> : Fabienne B\u00e9dex, fondatrice de Pix In The city.<br \/>\n<em>V\u00e9ritable bin\u00f4me, depuis plusieurs ann\u00e9es je confie mes tirages num\u00e9riques \u00e0 Fabienne B\u00e9dex. Conform\u00e9ment \u00e0 la r\u00e9glementation qui conf\u00e8re le statut de tirage d&#8217;art \u00e0 mes \u0153uvres, l&#8217;int\u00e9gralit\u00e9 des tirages sont r\u00e9alis\u00e9s sous mon contr\u00f4le.<\/em><\/p>\n","protected":false},"excerpt":{"rendered":"<p>\u00c9dition limit\u00e9e, num\u00e9rot\u00e9e et sign\u00e9e, elle est livr\u00e9e avec : &#8211; Le certificat authenticit\u00e9 par MONUMA la blockchain de l&#8217;art Il authentifie l\u2019\u0153uvre et certifie sa valeur. Document officiel et [&hellip;]<\/p>\n","protected":false},"featured_media":7636,"template":"","meta":{"_acf_changed":false,"_seopress_robots_primary_cat":"","_seopress_titles_title":"","_seopress_titles_desc":"","_seopress_robots_index":"","site-sidebar-layout":"default","site-content-layout":"","ast-site-content-layout":"default","site-content-style":"default","site-sidebar-style":"default","ast-global-header-display":"","ast-banner-title-visibility":"","ast-main-header-display":"","ast-hfb-above-header-display":"","ast-hfb-below-header-display":"","ast-hfb-mobile-header-display":"","site-post-title":"","ast-breadcrumbs-content":"","ast-featured-img":"","footer-sml-layout":"","ast-disable-related-posts":"","theme-transparent-header-meta":"","adv-header-id-meta":"","stick-header-meta":"","header-above-stick-meta":"","header-main-stick-meta":"","header-below-stick-meta":"","astra-migrate-meta-layouts":"default","ast-page-background-enabled":"default","ast-page-background-meta":{"desktop":{"background-color":"var(--ast-global-color-4)","background-image":"","background-repeat":"repeat","background-position":"center center","background-size":"auto","background-attachment":"scroll","background-type":"","background-media":"","overlay-type":"","overlay-color":"","overlay-opacity":"","overlay-gradient":""},"tablet":{"background-color":"","background-image":"","background-repeat":"repeat","background-position":"center center","background-size":"auto","background-attachment":"scroll","background-type":"","background-media":"","overlay-type":"","overlay-color":"","overlay-opacity":"","overlay-gradient":""},"mobile":{"background-color":"","background-image":"","background-repeat":"repeat","background-position":"center center","background-size":"auto","background-attachment":"scroll","background-type":"","background-media":"","overlay-type":"","overlay-color":"","overlay-opacity":"","overlay-gradient":""}},"ast-content-background-meta":{"desktop":{"background-color":"var(--ast-global-color-5)","background-image":"","background-repeat":"repeat","background-position":"center center","background-size":"auto","background-attachment":"scroll","background-type":"","background-media":"","overlay-type":"","overlay-color":"","overlay-opacity":"","overlay-gradient":""},"tablet":{"background-color":"var(--ast-global-color-5)","background-image":"","background-repeat":"repeat","background-position":"center center","background-size":"auto","background-attachment":"scroll","background-type":"","background-media":"","overlay-type":"","overlay-color":"","overlay-opacity":"","overlay-gradient":""},"mobile":{"background-color":"var(--ast-global-color-5)","background-image":"","background-repeat":"repeat","background-position":"center center","background-size":"auto","background-attachment":"scroll","background-type":"","background-media":"","overlay-type":"","overlay-color":"","overlay-opacity":"","overlay-gradient":""}}},"product_brand":[],"product_cat":[140],"product_tag":[],"class_list":{"0":"post-7635","1":"product","2":"type-product","3":"status-publish","4":"has-post-thumbnail","6":"product_cat-flying-girls","7":"desktop-align-left","8":"tablet-align-left","9":"mobile-align-left","11":"first","12":"instock","13":"sold-individually","14":"taxable","15":"shipping-taxable","16":"purchasable","17":"product-type-simple"},"acf":[],"_links":{"self":[{"href":"https:\/\/www.gaeldupret.com\/en\/wp-json\/wp\/v2\/product\/7635","targetHints":{"allow":["GET"]}}],"collection":[{"href":"https:\/\/www.gaeldupret.com\/en\/wp-json\/wp\/v2\/product"}],"about":[{"href":"https:\/\/www.gaeldupret.com\/en\/wp-json\/wp\/v2\/types\/product"}],"version-history":[{"count":0,"href":"https:\/\/www.gaeldupret.com\/en\/wp-json\/wp\/v2\/product\/7635\/revisions"}],"wp:featuredmedia":[{"embeddable":true,"href":"https:\/\/www.gaeldupret.com\/en\/wp-json\/wp\/v2\/media\/7636"}],"wp:attachment":[{"href":"https:\/\/www.gaeldupret.com\/en\/wp-json\/wp\/v2\/media?parent=7635"}],"wp:term":[{"taxonomy":"product_brand","embeddable":true,"href":"https:\/\/www.gaeldupret.com\/en\/wp-json\/wp\/v2\/product_brand?post=7635"},{"taxonomy":"product_cat","embeddable":true,"href":"https:\/\/www.gaeldupret.com\/en\/wp-json\/wp\/v2\/product_cat?post=7635"},{"taxonomy":"product_tag","embeddable":true,"href":"https:\/\/www.gaeldupret.com\/en\/wp-json\/wp\/v2\/product_tag?post=7635"}],"curies":[{"name":"wp","href":"https:\/\/api.w.org\/{rel}","templated":true}]}}