{"id":22099,"date":"2025-08-11T16:20:03","date_gmt":"2025-08-11T14:20:03","guid":{"rendered":"https:\/\/www.gaeldupret.com\/?post_type=product&#038;p=22099"},"modified":"2025-08-11T16:24:55","modified_gmt":"2025-08-11T14:24:55","slug":"le-merveilleux-est-partout-collector","status":"publish","type":"product","link":"https:\/\/www.gaeldupret.com\/en\/produit\/le-merveilleux-est-partout-collector\/","title":{"rendered":"Le Merveilleux est Partout ! &#8211; Collector"},"content":{"rendered":"<p>Dans le reflet mystique de son miroir, le temps s\u2019est \u00e9coul\u00e9 en une danse \u00e9th\u00e9r\u00e9e et Alice \u00e9merge, m\u00e9tamorphos\u00e9e en une jeune femme \u00e9nigmatique. Elle ressent dans chaque battement de son c\u0153ur la symphonie du changement, non seulement dans son \u00eatre mais dans le tissu m\u00eame du monde qui l\u2019entoure. Un voile surnaturel se l\u00e8ve, r\u00e9v\u00e9lant un monde o\u00f9 l\u2019intelligence s\u2019entrelace avec l\u2019artifice, o\u00f9 la r\u00e9alit\u00e9 se fond dans le virtuel et l\u2019augment\u00e9.<\/p>\n<p>Au-del\u00e0 des limites de la perception ordinaire, une f\u00e9\u00e9rie insoup\u00e7onn\u00e9e d\u00e9ploie ses ailes. C\u2019est un royaume o\u00f9 l\u2019on rev\u00eat des casques pour fuir le quotidien et s\u2019immerger dans des voyages d\u2019une autre dimension. Cependant, l\u2019\u00e9merveillement n\u2019est pas une chim\u00e8re lointaine, mais une force omnipr\u00e9sente, une essence qui pulse dans les veines de chaque \u00eatre vivant.<\/p>\n<p>Alice, gardienne sait que pour le percevoir, il suffit d\u2019accorder son c\u0153ur \u00e0 sa m\u00e9lodie enchanteresse, une t\u00e2che simple en th\u00e9orie, mais ardue en pratique.<\/p>\n<p>Les signes de cette magie a peine cach\u00e9e abondent, dispers\u00e9s comme des \u00e9clats d\u2019\u00e9toiles dans le ciel nocturne. Il suffit de regarder son voisin, sa coll\u00e8gue, ou m\u00eame l\u2019\u00e9tranger crois\u00e9 dans la rue pour entrevoir les reflets d\u2019une r\u00e9alit\u00e9 plus profonde. Alice, s\u2019accrochant \u00e0 son \u00e2me d\u2019enfant, voit encore au-del\u00e0 des apparences, sondant les abysses de l\u2019awen, et elle nous invite, de sa voix douce comme une brise c\u00e9leste, \u00e0 la rejoindre dans cette qu\u00eate de v\u00e9rit\u00e9, sa v\u00e9rit\u00e9.<\/p>\n<p>Cesse d\u2019\u00eatre l\u2019insaisissable lapin, toujours en fuite, et saisis plut\u00f4t la main tendue vers l\u2019inconnu.<\/p>\n<p>Sauras-tu, toi aussi, percevoir Le Merveilleux qui perdure de l\u2019autre c\u00f4t\u00e9 du miroir ?<\/p>\n<p>Dans ce premier opus <strong>Le Merveilleux est Partout !<\/strong> retrouve les personnages du monde de l&#8217;imaginaire dans le monde r\u00e9el.<\/p>\n<p>D\u00e9couvre La f\u00e9e de la quintessence, le petit chaperon rouge, la gardienne de La D\u00e9fense, la f\u00e9e du voyage, la dame blanche, Ava\u00e9 la m\u00e8re des sorci\u00e8res, l&#8217;elfe Laeriel, l&#8217;alchimiste Elawen, l&#8217;orc, Herle l&#8217;esprit des for\u00eats, le Minotaure, le korrigan, la f\u00e9e du passage, la f\u00e9e des dents, le loup-garou, la vampire et le policier interstellaire, comme tu ne les as, probablement, jamais vu \ud83d\ude42 Les textes qui accompagnent les photos sont d&#8217;Olivier Le Gal.<\/p>\n","protected":false},"excerpt":{"rendered":"<p>LMEP &#8211; Le Merveilleux est Partout ! est le 7\u00e8me livre de Gael Dupret. Les textes d&#8217;Olivier Le Gal qui accompagnent les photos sont accessibles d\u00e8s 7 ans.<\/p>\n","protected":false},"featured_media":0,"template":"","meta":{"_acf_changed":false,"_seopress_robots_primary_cat":"none","_seopress_titles_title":"","_seopress_titles_desc":"","_seopress_robots_index":"","site-sidebar-layout":"default","site-content-layout":"","ast-site-content-layout":"default","site-content-style":"default","site-sidebar-style":"default","ast-global-header-display":"","ast-banner-title-visibility":"","ast-main-header-display":"","ast-hfb-above-header-display":"","ast-hfb-below-header-display":"","ast-hfb-mobile-header-display":"","site-post-title":"","ast-breadcrumbs-content":"","ast-featured-img":"","footer-sml-layout":"","ast-disable-related-posts":"","theme-transparent-header-meta":"default","adv-header-id-meta":"","stick-header-meta":"","header-above-stick-meta":"","header-main-stick-meta":"","header-below-stick-meta":"","astra-migrate-meta-layouts":"set","ast-page-background-enabled":"default","ast-page-background-meta":{"desktop":{"background-color":"var(--ast-global-color-4)","background-image":"","background-repeat":"repeat","background-position":"center center","background-size":"auto","background-attachment":"scroll","background-type":"","background-media":"","overlay-type":"","overlay-color":"","overlay-opacity":"","overlay-gradient":""},"tablet":{"background-color":"","background-image":"","background-repeat":"repeat","background-position":"center center","background-size":"auto","background-attachment":"scroll","background-type":"","background-media":"","overlay-type":"","overlay-color":"","overlay-opacity":"","overlay-gradient":""},"mobile":{"background-color":"","background-image":"","background-repeat":"repeat","background-position":"center center","background-size":"auto","background-attachment":"scroll","background-type":"","background-media":"","overlay-type":"","overlay-color":"","overlay-opacity":"","overlay-gradient":""}},"ast-content-background-meta":{"desktop":{"background-color":"var(--ast-global-color-5)","background-image":"","background-repeat":"repeat","background-position":"center center","background-size":"auto","background-attachment":"scroll","background-type":"","background-media":"","overlay-type":"","overlay-color":"","overlay-opacity":"","overlay-gradient":""},"tablet":{"background-color":"var(--ast-global-color-5)","background-image":"","background-repeat":"repeat","background-position":"center center","background-size":"auto","background-attachment":"scroll","background-type":"","background-media":"","overlay-type":"","overlay-color":"","overlay-opacity":"","overlay-gradient":""},"mobile":{"background-color":"var(--ast-global-color-5)","background-image":"","background-repeat":"repeat","background-position":"center center","background-size":"auto","background-attachment":"scroll","background-type":"","background-media":"","overlay-type":"","overlay-color":"","overlay-opacity":"","overlay-gradient":""}}},"product_brand":[],"product_cat":[143],"product_tag":[],"class_list":{"0":"post-22099","1":"product","2":"type-product","3":"status-publish","5":"product_cat-art-book-livres-artiste-livres","6":"desktop-align-left","7":"tablet-align-left","8":"mobile-align-left","10":"first","11":"instock","12":"product-type-simple"},"acf":[],"_links":{"self":[{"href":"https:\/\/www.gaeldupret.com\/en\/wp-json\/wp\/v2\/product\/22099","targetHints":{"allow":["GET"]}}],"collection":[{"href":"https:\/\/www.gaeldupret.com\/en\/wp-json\/wp\/v2\/product"}],"about":[{"href":"https:\/\/www.gaeldupret.com\/en\/wp-json\/wp\/v2\/types\/product"}],"version-history":[{"count":1,"href":"https:\/\/www.gaeldupret.com\/en\/wp-json\/wp\/v2\/product\/22099\/revisions"}],"predecessor-version":[{"id":22100,"href":"https:\/\/www.gaeldupret.com\/en\/wp-json\/wp\/v2\/product\/22099\/revisions\/22100"}],"wp:attachment":[{"href":"https:\/\/www.gaeldupret.com\/en\/wp-json\/wp\/v2\/media?parent=22099"}],"wp:term":[{"taxonomy":"product_brand","embeddable":true,"href":"https:\/\/www.gaeldupret.com\/en\/wp-json\/wp\/v2\/product_brand?post=22099"},{"taxonomy":"product_cat","embeddable":true,"href":"https:\/\/www.gaeldupret.com\/en\/wp-json\/wp\/v2\/product_cat?post=22099"},{"taxonomy":"product_tag","embeddable":true,"href":"https:\/\/www.gaeldupret.com\/en\/wp-json\/wp\/v2\/product_tag?post=22099"}],"curies":[{"name":"wp","href":"https:\/\/api.w.org\/{rel}","templated":true}]}}