{"id":22053,"date":"2025-08-11T11:42:22","date_gmt":"2025-08-11T09:42:22","guid":{"rendered":"https:\/\/www.gaeldupret.com\/?post_type=product&#038;p=22053"},"modified":"2025-08-11T11:50:33","modified_gmt":"2025-08-11T09:50:33","slug":"carte-postale-yvann-photographie-numerique-nikon-collection-la-decouverte-ou-ignorance-numero-01","status":"publish","type":"product","link":"https:\/\/www.gaeldupret.com\/en\/produit\/carte-postale-yvann-photographie-numerique-nikon-collection-la-decouverte-ou-ignorance-numero-01\/","title":{"rendered":"Yvann"},"content":{"rendered":"<p><b>Yvann<\/b> est une photographie issue de la cr\u00e9ation <em><strong>La D\u00e9couverte Ou l&#8217;Ignorance. <\/strong><\/em>Une oeuvre inspir\u00e9e par le texte de Morvan Lebesque mis en chanson par Tri Yann.<\/p>\n<p>Vous retrouvez cette photographie dans le livre <em><strong>La D\u00e9couverte Ou l&#8217;Ignorance<\/strong><\/em> &#8211; Vous pouvez aussi l&#8217;acqu\u00e9rir en tirage d&#8217;art Fine Art<\/p>\n<p>Un tirage original est expos\u00e9 au mus\u00e9e Breizh Odyss\u00e9e \u00e0 Landevennec en Bretagne. Il s&#8217;agit du tirage d&#8217;art N\u00b03\/6 dat\u00e9e et sign\u00e9e par l&#8217;auteur et tir\u00e9e par Fabienne B\u00e9dex (Pix in the City \u00e0 Auray).<\/p>\n","protected":false},"excerpt":{"rendered":"<ul>\n<li>Titre : Yann<\/li>\n<li>Collection : La D\u00e9couverte Ou l&#8217;Ignorance<\/li>\n<li>Num\u00e9ro dans la collection : 01<\/li>\n<li>Photographie num\u00e9rique faite au Nikon D4s<\/li>\n<\/ul>\n","protected":false},"featured_media":0,"template":"","meta":{"_acf_changed":false,"_seopress_robots_primary_cat":"none","_seopress_titles_title":"","_seopress_titles_desc":"","_seopress_robots_index":"","site-sidebar-layout":"default","site-content-layout":"","ast-site-content-layout":"default","site-content-style":"default","site-sidebar-style":"default","ast-global-header-display":"","ast-banner-title-visibility":"","ast-main-header-display":"","ast-hfb-above-header-display":"","ast-hfb-below-header-display":"","ast-hfb-mobile-header-display":"","site-post-title":"","ast-breadcrumbs-content":"","ast-featured-img":"","footer-sml-layout":"","ast-disable-related-posts":"","theme-transparent-header-meta":"default","adv-header-id-meta":"","stick-header-meta":"","header-above-stick-meta":"","header-main-stick-meta":"","header-below-stick-meta":"","astra-migrate-meta-layouts":"set","ast-page-background-enabled":"default","ast-page-background-meta":{"desktop":{"background-color":"var(--ast-global-color-4)","background-image":"","background-repeat":"repeat","background-position":"center center","background-size":"auto","background-attachment":"scroll","background-type":"","background-media":"","overlay-type":"","overlay-color":"","overlay-opacity":"","overlay-gradient":""},"tablet":{"background-color":"","background-image":"","background-repeat":"repeat","background-position":"center center","background-size":"auto","background-attachment":"scroll","background-type":"","background-media":"","overlay-type":"","overlay-color":"","overlay-opacity":"","overlay-gradient":""},"mobile":{"background-color":"","background-image":"","background-repeat":"repeat","background-position":"center center","background-size":"auto","background-attachment":"scroll","background-type":"","background-media":"","overlay-type":"","overlay-color":"","overlay-opacity":"","overlay-gradient":""}},"ast-content-background-meta":{"desktop":{"background-color":"var(--ast-global-color-5)","background-image":"","background-repeat":"repeat","background-position":"center center","background-size":"auto","background-attachment":"scroll","background-type":"","background-media":"","overlay-type":"","overlay-color":"","overlay-opacity":"","overlay-gradient":""},"tablet":{"background-color":"var(--ast-global-color-5)","background-image":"","background-repeat":"repeat","background-position":"center center","background-size":"auto","background-attachment":"scroll","background-type":"","background-media":"","overlay-type":"","overlay-color":"","overlay-opacity":"","overlay-gradient":""},"mobile":{"background-color":"var(--ast-global-color-5)","background-image":"","background-repeat":"repeat","background-position":"center center","background-size":"auto","background-attachment":"scroll","background-type":"","background-media":"","overlay-type":"","overlay-color":"","overlay-opacity":"","overlay-gradient":""}}},"product_brand":[],"product_cat":[201],"product_tag":[],"class_list":{"0":"post-22053","1":"product","2":"type-product","3":"status-publish","5":"product_cat-cartes-postales","6":"product_shipping_class-print","7":"desktop-align-left","8":"tablet-align-left","9":"mobile-align-left","11":"first","12":"instock","13":"purchasable","14":"product-type-simple"},"acf":[],"_links":{"self":[{"href":"https:\/\/www.gaeldupret.com\/en\/wp-json\/wp\/v2\/product\/22053","targetHints":{"allow":["GET"]}}],"collection":[{"href":"https:\/\/www.gaeldupret.com\/en\/wp-json\/wp\/v2\/product"}],"about":[{"href":"https:\/\/www.gaeldupret.com\/en\/wp-json\/wp\/v2\/types\/product"}],"version-history":[{"count":1,"href":"https:\/\/www.gaeldupret.com\/en\/wp-json\/wp\/v2\/product\/22053\/revisions"}],"predecessor-version":[{"id":22054,"href":"https:\/\/www.gaeldupret.com\/en\/wp-json\/wp\/v2\/product\/22053\/revisions\/22054"}],"wp:attachment":[{"href":"https:\/\/www.gaeldupret.com\/en\/wp-json\/wp\/v2\/media?parent=22053"}],"wp:term":[{"taxonomy":"product_brand","embeddable":true,"href":"https:\/\/www.gaeldupret.com\/en\/wp-json\/wp\/v2\/product_brand?post=22053"},{"taxonomy":"product_cat","embeddable":true,"href":"https:\/\/www.gaeldupret.com\/en\/wp-json\/wp\/v2\/product_cat?post=22053"},{"taxonomy":"product_tag","embeddable":true,"href":"https:\/\/www.gaeldupret.com\/en\/wp-json\/wp\/v2\/product_tag?post=22053"}],"curies":[{"name":"wp","href":"https:\/\/api.w.org\/{rel}","templated":true}]}}