{"id":9317,"date":"2021-09-20T09:15:28","date_gmt":"2021-09-20T07:15:28","guid":{"rendered":"https:\/\/www.gaeldupret.com\/?post_type=product&#038;p=9317"},"modified":"2025-08-11T14:16:56","modified_gmt":"2025-08-11T12:16:56","slug":"affaire-g01d0r4k","status":"publish","type":"product","link":"https:\/\/www.gaeldupret.com\/br-fr\/produit\/affaire-g01d0r4k\/","title":{"rendered":"L&rsquo;affaire G01D0R4K"},"content":{"rendered":"<p>L&#8217;affaire G01D0R4K<\/p>\n<p>Ce livre d&#8217;artiste est une \u00e9dition limit\u00e9e, collector en lien avec l\u2019\u0153uvre \u00e9ponyme <a href=\"https:\/\/www.affaire-g01d0r4k.com\" target=\"_blank\" rel=\"noopener noreferrer\">L&#8217;affaire G01D0R4K<\/a> qui d\u00e9voile le complot international qui vise \u00e0 nous faire croire depuis 45 ans que Goldorak aurait atterrit en Asie alors qu&#8217;il a atterrit en Bretagne.<\/p>\n<p>Pens\u00e9 comme un journal de bord quotidien, dans lequel le lecteur trouvera l\u2019enqu\u00eate et le cheminement de Ga\u00ebl Dupret de France en Bretagne.<\/p>\n<p>Ce journal d\u2019enqu\u00eate a \u00e9t\u00e9 r\u00e9dig\u00e9 comme si tout a \u00e9t\u00e9 scrupuleusement consign\u00e9 au fur et \u00e0 mesure que les jours passaient, que son enqu\u00eate avan\u00e7ait. La narration se fait \u00e0 la premi\u00e8re personne du singulier, pour renforcer le sentiment d\u2019un journal fait pour garder les traces d\u2019une enqu\u00eate, ainsi que pour cr\u00e9er un lien avec le lecteur. Pour le ton de l\u2019\u00e9criture, Ga\u00ebl Dupret s\u2019est clairement inspir\u00e9 du Projet Blair Witch, oeuvre dans laquelle, la personnage principale sombre dans une psychose et un d\u00e9lire au fur et \u00e0 mesure que le temps passe.<\/p>\n<p>Il y a les preuves visuelles, des coupures presses\u2026 certaines datant de plusieurs d\u00e9cennies, des plans de route, des localisations GPS, des t\u00e9moignages, des documents confidentiels \u00abcaviard\u00e9s\u00bb, ses annotations, ses r\u00e9flexions, ses craintes, ses doutes\u2026.<\/p>\n<p>Le lecteur trouvera des photos exclusives \u00e0 l\u2019exposition et au beau livre photo\u2026<\/p>\n","protected":false},"excerpt":{"rendered":"<p>Livre d&#8217;artiste \u00e9dit\u00e9 \u00e0 300 exemplaires, compos\u00e9s de 45 photos, des plans, des documents confidentiels caviard\u00e9s, des coupures presse, des vid\u00e9os, des coordonn\u00e9es GPS, des post-it\u2026<\/p>\n<p>Fa\u00e7onn\u00e9 \u00e0 la main, chaque exemplaire est unique : l\u2019\u00e9tiquette blanche est coll\u00e9e sur chaque couverture et le titre \u00e9crit \u00e0 la main. A l\u2019int\u00e9rieur du livre des documents sont coll\u00e9s ou agraf\u00e9s manuellement post impression.<\/p>\n<p>Votre exemplaire est livr\u00e9 dans une enveloppe kraft marron &#8220;Confidentiel&#8221; faite sp\u00e9cialement pour l&#8217;art-book. Chaque exemplaire est num\u00e9rot\u00e9 \u00e0 la main et d\u00e9dicac\u00e9.<\/p>\n<p>&nbsp;<\/p>\n","protected":false},"featured_media":9320,"template":"","meta":{"_acf_changed":false,"_seopress_robots_primary_cat":"none","_seopress_titles_title":"","_seopress_titles_desc":"","_seopress_robots_index":"","site-sidebar-layout":"default","site-content-layout":"","ast-site-content-layout":"default","site-content-style":"default","site-sidebar-style":"default","ast-global-header-display":"","ast-banner-title-visibility":"","ast-main-header-display":"","ast-hfb-above-header-display":"","ast-hfb-below-header-display":"","ast-hfb-mobile-header-display":"","site-post-title":"","ast-breadcrumbs-content":"","ast-featured-img":"","footer-sml-layout":"","ast-disable-related-posts":"","theme-transparent-header-meta":"default","adv-header-id-meta":"","stick-header-meta":"","header-above-stick-meta":"","header-main-stick-meta":"","header-below-stick-meta":"","astra-migrate-meta-layouts":"set","ast-page-background-enabled":"default","ast-page-background-meta":{"desktop":{"background-color":"var(--ast-global-color-4)","background-image":"","background-repeat":"repeat","background-position":"center center","background-size":"auto","background-attachment":"scroll","background-type":"","background-media":"","overlay-type":"","overlay-color":"","overlay-opacity":"","overlay-gradient":""},"tablet":{"background-color":"","background-image":"","background-repeat":"repeat","background-position":"center center","background-size":"auto","background-attachment":"scroll","background-type":"","background-media":"","overlay-type":"","overlay-color":"","overlay-opacity":"","overlay-gradient":""},"mobile":{"background-color":"","background-image":"","background-repeat":"repeat","background-position":"center center","background-size":"auto","background-attachment":"scroll","background-type":"","background-media":"","overlay-type":"","overlay-color":"","overlay-opacity":"","overlay-gradient":""}},"ast-content-background-meta":{"desktop":{"background-color":"var(--ast-global-color-5)","background-image":"","background-repeat":"repeat","background-position":"center center","background-size":"auto","background-attachment":"scroll","background-type":"","background-media":"","overlay-type":"","overlay-color":"","overlay-opacity":"","overlay-gradient":""},"tablet":{"background-color":"var(--ast-global-color-5)","background-image":"","background-repeat":"repeat","background-position":"center center","background-size":"auto","background-attachment":"scroll","background-type":"","background-media":"","overlay-type":"","overlay-color":"","overlay-opacity":"","overlay-gradient":""},"mobile":{"background-color":"var(--ast-global-color-5)","background-image":"","background-repeat":"repeat","background-position":"center center","background-size":"auto","background-attachment":"scroll","background-type":"","background-media":"","overlay-type":"","overlay-color":"","overlay-opacity":"","overlay-gradient":""}}},"product_brand":[],"product_cat":[143],"product_tag":[],"class_list":{"0":"post-9317","1":"product","2":"type-product","3":"status-publish","4":"has-post-thumbnail","6":"product_cat-art-book-livres-artiste-livres","7":"product_shipping_class-print","8":"desktop-align-left","9":"tablet-align-left","10":"mobile-align-left","12":"first","13":"instock","14":"taxable","15":"shipping-taxable","16":"purchasable","17":"product-type-variable"},"acf":[],"_links":{"self":[{"href":"https:\/\/www.gaeldupret.com\/br-fr\/wp-json\/wp\/v2\/product\/9317","targetHints":{"allow":["GET"]}}],"collection":[{"href":"https:\/\/www.gaeldupret.com\/br-fr\/wp-json\/wp\/v2\/product"}],"about":[{"href":"https:\/\/www.gaeldupret.com\/br-fr\/wp-json\/wp\/v2\/types\/product"}],"version-history":[{"count":3,"href":"https:\/\/www.gaeldupret.com\/br-fr\/wp-json\/wp\/v2\/product\/9317\/revisions"}],"predecessor-version":[{"id":22069,"href":"https:\/\/www.gaeldupret.com\/br-fr\/wp-json\/wp\/v2\/product\/9317\/revisions\/22069"}],"wp:featuredmedia":[{"embeddable":true,"href":"https:\/\/www.gaeldupret.com\/br-fr\/wp-json\/wp\/v2\/media\/9320"}],"wp:attachment":[{"href":"https:\/\/www.gaeldupret.com\/br-fr\/wp-json\/wp\/v2\/media?parent=9317"}],"wp:term":[{"taxonomy":"product_brand","embeddable":true,"href":"https:\/\/www.gaeldupret.com\/br-fr\/wp-json\/wp\/v2\/product_brand?post=9317"},{"taxonomy":"product_cat","embeddable":true,"href":"https:\/\/www.gaeldupret.com\/br-fr\/wp-json\/wp\/v2\/product_cat?post=9317"},{"taxonomy":"product_tag","embeddable":true,"href":"https:\/\/www.gaeldupret.com\/br-fr\/wp-json\/wp\/v2\/product_tag?post=9317"}],"curies":[{"name":"wp","href":"https:\/\/api.w.org\/{rel}","templated":true}]}}