{"id":22042,"date":"2025-08-11T11:15:48","date_gmt":"2025-08-11T09:15:48","guid":{"rendered":"https:\/\/www.gaeldupret.com\/?post_type=product&#038;p=22042"},"modified":"2025-08-11T12:13:33","modified_gmt":"2025-08-11T10:13:33","slug":"carte-postale-exit-numero-3-collection-etre-ou-ne-pas-etre-breton-aujourd-hui","status":"publish","type":"product","link":"https:\/\/www.gaeldupret.com\/br-fr\/produit\/carte-postale-exit-numero-3-collection-etre-ou-ne-pas-etre-breton-aujourd-hui\/","title":{"rendered":"Exit"},"content":{"rendered":"<p><b>Exit<\/b> est une photographie issue de la cr\u00e9ation <strong><em>\u00catre ou ne pas \u00eatre Breton aujourd&#8217;hui ?<\/em><\/strong> r\u00e9alis\u00e9e par Ga\u00ebl Dupret pour la F\u00eate de la Bretagne 2023. Cette cr\u00e9ation a \u00e9t\u00e9 expos\u00e9e de Mai \u00e0 Septembre 2023 dans la commune de Caro (Morbihan &#8211; 56).<\/p>\n<p>Vous retrouvez cette photographie dans l&#8217;art book <em><strong>\u00catre ou ne pas \u00eatre Breton aujourd&#8217;hui ?<\/strong><\/em>\u00a0&#8211; Un nouveau regard sur <strong><em>La d\u00e9couverte ou l&#8217;ignorance<\/em><\/strong> de Morvan Lebesque et de Tri Yann &#8211; Vous pouvez aussi l&#8217;acqu\u00e9rir en tirage d&#8217;art Fine Art<\/p>\n<p>Pourquoi <em><strong>Exit<\/strong><\/em> ?<\/p>\n<p>Ce titre est un clin d&#8217;oeil \u00e0 l&#8217;oeuvre de Bernard Werber. Ga\u00ebl DUPRET \u00e0 aim\u00e9 la s\u00e9rie de bande dessin\u00e9e. Quand il a vu et fait la photographie il a imm\u00e9diatement pens\u00e9 \u00e0 celle-ci et a ainsi d\u00e9cid\u00e9 le titre de l&#8217;oeuvre.<\/p>\n","protected":false},"excerpt":{"rendered":"<ul>\n<li>Titre : Exit<\/li>\n<li>Collection : \u00catre ou ne pas \u00eatre Breton aujourd&#8217;hui ?<\/li>\n<li>Num\u00e9ro dans la collection : 03<\/li>\n<li>Photographie num\u00e9rique faite au Leica<\/li>\n<\/ul>\n","protected":false},"featured_media":0,"template":"","meta":{"_acf_changed":false,"_seopress_robots_primary_cat":"none","_seopress_titles_title":"","_seopress_titles_desc":"","_seopress_robots_index":"","site-sidebar-layout":"default","site-content-layout":"","ast-site-content-layout":"default","site-content-style":"default","site-sidebar-style":"default","ast-global-header-display":"","ast-banner-title-visibility":"","ast-main-header-display":"","ast-hfb-above-header-display":"","ast-hfb-below-header-display":"","ast-hfb-mobile-header-display":"","site-post-title":"","ast-breadcrumbs-content":"","ast-featured-img":"","footer-sml-layout":"","ast-disable-related-posts":"","theme-transparent-header-meta":"default","adv-header-id-meta":"","stick-header-meta":"","header-above-stick-meta":"","header-main-stick-meta":"","header-below-stick-meta":"","astra-migrate-meta-layouts":"set","ast-page-background-enabled":"default","ast-page-background-meta":{"desktop":{"background-color":"var(--ast-global-color-4)","background-image":"","background-repeat":"repeat","background-position":"center center","background-size":"auto","background-attachment":"scroll","background-type":"","background-media":"","overlay-type":"","overlay-color":"","overlay-opacity":"","overlay-gradient":""},"tablet":{"background-color":"","background-image":"","background-repeat":"repeat","background-position":"center center","background-size":"auto","background-attachment":"scroll","background-type":"","background-media":"","overlay-type":"","overlay-color":"","overlay-opacity":"","overlay-gradient":""},"mobile":{"background-color":"","background-image":"","background-repeat":"repeat","background-position":"center center","background-size":"auto","background-attachment":"scroll","background-type":"","background-media":"","overlay-type":"","overlay-color":"","overlay-opacity":"","overlay-gradient":""}},"ast-content-background-meta":{"desktop":{"background-color":"var(--ast-global-color-5)","background-image":"","background-repeat":"repeat","background-position":"center center","background-size":"auto","background-attachment":"scroll","background-type":"","background-media":"","overlay-type":"","overlay-color":"","overlay-opacity":"","overlay-gradient":""},"tablet":{"background-color":"var(--ast-global-color-5)","background-image":"","background-repeat":"repeat","background-position":"center center","background-size":"auto","background-attachment":"scroll","background-type":"","background-media":"","overlay-type":"","overlay-color":"","overlay-opacity":"","overlay-gradient":""},"mobile":{"background-color":"var(--ast-global-color-5)","background-image":"","background-repeat":"repeat","background-position":"center center","background-size":"auto","background-attachment":"scroll","background-type":"","background-media":"","overlay-type":"","overlay-color":"","overlay-opacity":"","overlay-gradient":""}}},"product_brand":[],"product_cat":[201],"product_tag":[212],"class_list":{"0":"post-22042","1":"product","2":"type-product","3":"status-publish","5":"product_cat-cartes-postales","6":"product_tag-etre-ou-ne-pas-etre-breton-aujourd-hui","7":"product_shipping_class-print","8":"desktop-align-left","9":"tablet-align-left","10":"mobile-align-left","12":"first","13":"instock","14":"purchasable","15":"product-type-simple"},"acf":[],"_links":{"self":[{"href":"https:\/\/www.gaeldupret.com\/br-fr\/wp-json\/wp\/v2\/product\/22042","targetHints":{"allow":["GET"]}}],"collection":[{"href":"https:\/\/www.gaeldupret.com\/br-fr\/wp-json\/wp\/v2\/product"}],"about":[{"href":"https:\/\/www.gaeldupret.com\/br-fr\/wp-json\/wp\/v2\/types\/product"}],"version-history":[{"count":6,"href":"https:\/\/www.gaeldupret.com\/br-fr\/wp-json\/wp\/v2\/product\/22042\/revisions"}],"predecessor-version":[{"id":22048,"href":"https:\/\/www.gaeldupret.com\/br-fr\/wp-json\/wp\/v2\/product\/22042\/revisions\/22048"}],"wp:attachment":[{"href":"https:\/\/www.gaeldupret.com\/br-fr\/wp-json\/wp\/v2\/media?parent=22042"}],"wp:term":[{"taxonomy":"product_brand","embeddable":true,"href":"https:\/\/www.gaeldupret.com\/br-fr\/wp-json\/wp\/v2\/product_brand?post=22042"},{"taxonomy":"product_cat","embeddable":true,"href":"https:\/\/www.gaeldupret.com\/br-fr\/wp-json\/wp\/v2\/product_cat?post=22042"},{"taxonomy":"product_tag","embeddable":true,"href":"https:\/\/www.gaeldupret.com\/br-fr\/wp-json\/wp\/v2\/product_tag?post=22042"}],"curies":[{"name":"wp","href":"https:\/\/api.w.org\/{rel}","templated":true}]}}