{"id":10252,"date":"2022-03-25T15:08:51","date_gmt":"2022-03-25T14:08:51","guid":{"rendered":"https:\/\/www.gaeldupret.com\/?post_type=product&#038;p=10252"},"modified":"2022-07-25T20:19:37","modified_gmt":"2022-07-25T18:19:37","slug":"meta-year-book-2022-genesis-france-meta","status":"publish","type":"product","link":"https:\/\/www.gaeldupret.com\/br-fr\/produit\/meta-year-book-2022-genesis-france-meta\/","title":{"rendered":"Meta Year Book 2022 &#8211; Genesis"},"content":{"rendered":"<p>Meta Year Book 2022 &#8211; Genesis est un OLNI &#8211; Objet Litt\u00e9raire Non Identifi\u00e9 -. Il est a la fois Year Book, Art Book et Meta Book&#8230; Il est le premier de son genre (mais pas le dernier). Le premier d&#8217;une collection qui s&#8217;enrichira au fil des ann\u00e9es. Il sera votre guide, votre conseiller, votre MAP dans le monde du Metavers et des Multivers.<\/p>\n<p>Outil pens\u00e9 par France Meta et concr\u00e9tis\u00e9 par Ga\u00ebl Dupret il est aussi un objet de collection que vous aurez plaisir \u00e0 conserver, regarder, partager&#8230; transmettre.<\/p>\n","protected":false},"excerpt":{"rendered":"<p style=\"text-align: center;\"><span style=\"color: #ff0000;\"><em><strong>PREMIERE MONDIALE : c&#8217;est le PREMIER Livre dot\u00e9 d&#8217;un ISBN qui a le double tarif EURO et celui de la crypto monnaie:\u00a0 ETHER<\/strong> <\/em><\/span><\/p>\n<p style=\"text-align: center;\"><span style=\"color: #ff0000;\"><strong>FINITION HAUT de GAMME : personnalisation au pr\u00e9nom et nom de l&#8217;acheteur\/acheteuse \u00e0 l&#8217;impression du livre pour TOUTES les pr\u00e9commandes &#8211; DEAD LINE 6 mai 2022 &#8211; Minuit<br \/>\n<\/strong><\/span><\/p>\n<p>&nbsp;<\/p>\n<h2 style=\"text-align: center;\"><em><span style=\"text-decoration: underline;\"><span style=\"color: #ff0000; text-decoration: underline;\"><strong>200 premi\u00e8res commandes livr\u00e9es avec un tir\u00e9 \u00e0 part<\/strong><\/span><\/span><\/em><\/h2>\n<p>&nbsp;<\/p>\n<p>Les pr\u00e9-commandes commencent le 14 avril 2022. Les livres seront envoy\u00e9s par la poste \u00e0 partir du 14 mai 2022.<\/p>\n<p>Livre d&#8217;artiste \u00e9dit\u00e9 \u00e0 1500 exemplaires, compos\u00e9 de photos et textes in\u00e9dits de grands noms du Metavers\u2026<\/p>\n<p>2 versions du livre :<\/p>\n<ul>\n<li>Tirage &#8211; premi\u00e8re \u00e9dition &#8211; de <strong>1500 exemplaires <\/strong>int\u00e9grant un <span style=\"color: #ff0000;\">Tirage de t\u00eate<\/span> de <strong>500 exemplaires<\/strong> num\u00e9rot\u00e9s, dont <em><strong><span style=\"color: #ff0000;\">150 en NFT<\/span><\/strong><\/em><\/li>\n<\/ul>\n<p>Tous les livres sont livr\u00e9s d\u00e9dicac\u00e9s. Les pr\u00e9commandes sont imprim\u00e9s personnalis\u00e9es avec le pr\u00e9nom et nom de l&#8217;acqu\u00e9reur.<\/p>\n<p><iframe title=\"YouTube video player\" src=\"https:\/\/www.youtube.com\/embed\/nUt591qhjBY\" width=\"560\" height=\"315\" frameborder=\"0\" allowfullscreen=\"allowfullscreen\"><\/iframe><\/p>\n","protected":false},"featured_media":10257,"template":"","meta":{"_acf_changed":false,"_seopress_robots_primary_cat":"","_seopress_titles_title":"","_seopress_titles_desc":"","_seopress_robots_index":"","site-sidebar-layout":"default","site-content-layout":"","ast-site-content-layout":"default","site-content-style":"default","site-sidebar-style":"default","ast-global-header-display":"","ast-banner-title-visibility":"","ast-main-header-display":"","ast-hfb-above-header-display":"","ast-hfb-below-header-display":"","ast-hfb-mobile-header-display":"","site-post-title":"","ast-breadcrumbs-content":"","ast-featured-img":"","footer-sml-layout":"","ast-disable-related-posts":"","theme-transparent-header-meta":"","adv-header-id-meta":"","stick-header-meta":"","header-above-stick-meta":"","header-main-stick-meta":"","header-below-stick-meta":"","astra-migrate-meta-layouts":"default","ast-page-background-enabled":"default","ast-page-background-meta":{"desktop":{"background-color":"var(--ast-global-color-4)","background-image":"","background-repeat":"repeat","background-position":"center center","background-size":"auto","background-attachment":"scroll","background-type":"","background-media":"","overlay-type":"","overlay-color":"","overlay-opacity":"","overlay-gradient":""},"tablet":{"background-color":"","background-image":"","background-repeat":"repeat","background-position":"center center","background-size":"auto","background-attachment":"scroll","background-type":"","background-media":"","overlay-type":"","overlay-color":"","overlay-opacity":"","overlay-gradient":""},"mobile":{"background-color":"","background-image":"","background-repeat":"repeat","background-position":"center center","background-size":"auto","background-attachment":"scroll","background-type":"","background-media":"","overlay-type":"","overlay-color":"","overlay-opacity":"","overlay-gradient":""}},"ast-content-background-meta":{"desktop":{"background-color":"var(--ast-global-color-5)","background-image":"","background-repeat":"repeat","background-position":"center center","background-size":"auto","background-attachment":"scroll","background-type":"","background-media":"","overlay-type":"","overlay-color":"","overlay-opacity":"","overlay-gradient":""},"tablet":{"background-color":"var(--ast-global-color-5)","background-image":"","background-repeat":"repeat","background-position":"center center","background-size":"auto","background-attachment":"scroll","background-type":"","background-media":"","overlay-type":"","overlay-color":"","overlay-opacity":"","overlay-gradient":""},"mobile":{"background-color":"var(--ast-global-color-5)","background-image":"","background-repeat":"repeat","background-position":"center center","background-size":"auto","background-attachment":"scroll","background-type":"","background-media":"","overlay-type":"","overlay-color":"","overlay-opacity":"","overlay-gradient":""}}},"product_brand":[],"product_cat":[143],"product_tag":[],"class_list":{"0":"post-10252","1":"product","2":"type-product","3":"status-publish","4":"has-post-thumbnail","6":"product_cat-art-book-livres-artiste-livres","7":"desktop-align-left","8":"tablet-align-left","9":"mobile-align-left","11":"first","12":"instock","13":"purchasable","14":"product-type-simple"},"acf":[],"_links":{"self":[{"href":"https:\/\/www.gaeldupret.com\/br-fr\/wp-json\/wp\/v2\/product\/10252","targetHints":{"allow":["GET"]}}],"collection":[{"href":"https:\/\/www.gaeldupret.com\/br-fr\/wp-json\/wp\/v2\/product"}],"about":[{"href":"https:\/\/www.gaeldupret.com\/br-fr\/wp-json\/wp\/v2\/types\/product"}],"version-history":[{"count":1,"href":"https:\/\/www.gaeldupret.com\/br-fr\/wp-json\/wp\/v2\/product\/10252\/revisions"}],"predecessor-version":[{"id":10254,"href":"https:\/\/www.gaeldupret.com\/br-fr\/wp-json\/wp\/v2\/product\/10252\/revisions\/10254"}],"wp:featuredmedia":[{"embeddable":true,"href":"https:\/\/www.gaeldupret.com\/br-fr\/wp-json\/wp\/v2\/media\/10257"}],"wp:attachment":[{"href":"https:\/\/www.gaeldupret.com\/br-fr\/wp-json\/wp\/v2\/media?parent=10252"}],"wp:term":[{"taxonomy":"product_brand","embeddable":true,"href":"https:\/\/www.gaeldupret.com\/br-fr\/wp-json\/wp\/v2\/product_brand?post=10252"},{"taxonomy":"product_cat","embeddable":true,"href":"https:\/\/www.gaeldupret.com\/br-fr\/wp-json\/wp\/v2\/product_cat?post=10252"},{"taxonomy":"product_tag","embeddable":true,"href":"https:\/\/www.gaeldupret.com\/br-fr\/wp-json\/wp\/v2\/product_tag?post=10252"}],"curies":[{"name":"wp","href":"https:\/\/api.w.org\/{rel}","templated":true}]}}